{"id":3,"date":"2024-07-09T15:54:24","date_gmt":"2024-07-09T15:54:24","guid":{"rendered":"https:\/\/dev.eosconsulting.com\/?page_id=3"},"modified":"2024-10-22T07:19:25","modified_gmt":"2024-10-22T07:19:25","slug":"privacy-policy","status":"publish","type":"page","link":"https:\/\/eosconsulting.com\/en\/privacy-policy\/","title":{"rendered":"Privacy Policy"},"content":{"rendered":"\n<p><br>EOS Consulting S.p.A. (qui di seguito solo \u201c<strong>Titolare<\/strong>\u201d), in qualit\u00e0 di titolare del trattamento dei dati personali ai sensi della normativa italiana applicabile pro tempore in materia di protezione dei dati personali e del Regolamento UE 679\/2016\u2013 Regolamento Generale sulla Protezione dei Dati (\u201cRGPD\u201d) tutela la riservatezza dei Dati personali e garantisce le misure tecniche e organizzative adeguate ed efficaci tenuto conto della natura, dell\u2019ambito di applicazione, del contesto e delle finalit\u00e0 del trattamento, nonch\u00e9 del rischio per i diritti e le libert\u00e0 delle persone fisiche.<\/p>\n\n\n\n<p><strong class=\"privacy-policy-tutorial\">Identit\u00e0 del Titolare del trattamento e Dati di contatto: <\/strong>EOS Consulting S.p.A., con Sede in Roma \u2013 00144 \u2013 Viale dell\u2019aeronautica, 61, e-mail&nbsp; info@eosconsulting.com<strong>,&nbsp;<\/strong>sito web:www.eosconsulting.com, telefono:&nbsp;06\/23260181&nbsp;&nbsp;&nbsp;&nbsp;&nbsp;&nbsp;&nbsp;&nbsp;&nbsp;&nbsp;&nbsp;&nbsp;<\/p>\n\n\n\n<p>Prima di comunicare qualsiasi dato personale, il Titolare ti invita a leggere con attenzione il presente documento,&nbsp;poich\u00e9 contiene informazioni importanti sulla tutela dei tuoi dati personali e sulle misure di sicurezza adottate per garantirne la riservatezza nel pieno rispetto della normativa applicabile. La presente Privacy Policy, inoltre:<\/p>\n\n\n\n<ul class=\"wp-block-list\">\n<li>si intende resa solo per il sito www.eosconsulting.com&nbsp; (\u201c<strong>Sito<\/strong>\u201d) mentre non si applica ad altri siti web eventualmente consultati tramite link esterni;<\/li>\n\n\n\n<li>\u00e8 da intendersi quale Informativa resa ai sensi dell\u2019art. 13 della normativa applicabile a coloro che interagiscono con il Sito;<\/li>\n\n\n\n<li>si conforma alla Raccomandazione n. 2\/2001 relativa ai requisiti minimi per la raccolta di dati on-line nell\u2019Unione Europea, adottata il 17 maggio 2001 dal Gruppo di Lavoro Articolo 29.<\/li>\n<\/ul>\n\n\n\n<p class=\"has-text-align-center\">***<\/p>\n\n\n\n<p>Il Titolare ti informa che il trattamento dei tuoi dati personali sar\u00e0 improntato ai principi di liceit\u00e0, correttezza, trasparenza, limitazione delle finalit\u00e0 e della conservazione, minimizzazione dei dati, esattezza, integrit\u00e0 e riservatezza. I tuoi dati personali&nbsp;verranno pertanto trattati in accordo alle disposizioni legislative della normativa applicabile e degli obblighi di riservatezza ivi previsti.<\/p>\n\n\n\n<h2 class=\"wp-block-heading\">1. <strong>Titolare<\/strong><\/h2>\n\n\n\n<p>Alla luce della normativa applicabile, Titolare del trattamento del Sito \u00e8 la Societ\u00e0 EOS Consulting S.p.A. come pi\u00f9 sopra definito.&nbsp;<\/p>\n\n\n\n<h2 class=\"wp-block-heading\">2.  <strong>Dati personali oggetto di trattamento<\/strong><\/h2>\n\n\n\n<p>Per \u201c<strong>Dati Personali<\/strong>\u201d si intende qualsiasi informazione riguardante una persona fisica identificata o identificabile con particolare riferimento a un identificativo come il nome, un numero di identificazione, dati relativi all\u2019ubicazione, un identificativo online o a uno o pi\u00f9 elementi caratteristici della sua identit\u00e0 fisica, fisiologica, psichica, economica, culturale o sociale.<\/p>\n\n\n\n<p><strong>I dati personali raccolti dal Sito sono i seguenti:<\/strong><\/p>\n\n\n\n<ul class=\"wp-block-list\">\n<li><strong>1. Dati di navigazione<\/strong><\/li>\n<\/ul>\n\n\n\n<p>I sistemi informatici del Sito raccolgono alcuni dati personali la cui trasmissione \u00e8 implicita nell\u2019uso dei protocolli di comunicazione di Internet. I dati raccolti, tuttavia, non permettono l\u2019identificazione dell\u2019interessato, in quanto trattasi di dati aggregati a solo scopo statistico e di analisi delle visite (posizione geografica, tipo di device da cui si accede, tempo di permanenza per singole pagine, etc.). In nessun caso i suddetti dati saranno incrociati con altri dati con la finalit\u00e0 di identificare i singoli utenti.&nbsp;<\/p>\n\n\n\n<ul class=\"wp-block-list\">\n<li><strong>2. Dati forniti volontariamente<\/strong><\/li>\n<\/ul>\n\n\n\n<ol class=\"wp-block-list\"><\/ol>\n\n\n\n<p>Attraverso il Sito hai la possibilit\u00e0 di fornire volontariamente dati personali come il nome, l\u2019indirizzo e-mail o il numero di cellulare&nbsp; per l\u2019iscrizione al servizio di newsletter,&nbsp; per contattare il Titolare attraverso il form \u201cContatti\u201d. Il Titolare tratter\u00e0 questi dati nel rispetto della normativa applicabile, assumendo che siano riferiti a te o a terzi soggetti che ti hanno espressamente autorizzato a conferirli in base ad un\u2019idonea base giuridica che legittima il trattamento dei dati in questione. Rispetto a tali ipotesi, ti poni come autonomo titolare del trattamento, assumendoti tutti gli obblighi e le responsabilit\u00e0 di legge. In tal senso, conferisci sul punto la pi\u00f9 ampia manleva rispetto ad ogni contestazione, pretesa, richiesta di risarcimento del danno da trattamento, etc. che dovesse pervenire al Titolare da terzi soggetti i cui dati personali siano stati trattati attraverso il tuo utilizzo del Sito in violazione della normativa applicabile.<\/p>\n\n\n\n<h2 class=\"wp-block-heading\"><strong>3. Cookie e tecnologie affini<\/strong><\/h2>\n\n\n\n<ol class=\"wp-block-list\"><\/ol>\n\n\n\n<p>Il Titolare raccoglie dati personali attraverso cookie. Maggiori informazioni sull\u2019uso dei cookie e tecnologie affini sono disponibili <strong><a href=\"https:\/\/eosconsulting.com\/wp-content\/uploads\/2024\/10\/EOS_CookiePolicy-1.pdf\">QUI<\/a><\/strong><\/p>\n\n\n\n<h2 class=\"wp-block-heading\"><strong>4. Finalit\u00e0, base giuridica o natura obbligatoria o facoltativa del trattamento<\/strong><\/h2>\n\n\n\n<ol class=\"wp-block-list\"><\/ol>\n\n\n\n<p>I dati personali che fornisci attraverso il Sito saranno trattati dal Titolare per le seguenti finalit\u00e0: 1. utilizzo di dati personali e di recapiti, sia con modalit\u00e0 di comunicazione tradizionali che elettroniche (es. newsletter, sms, posta, contatti telefonici,) svolto per comunicazioni divulgative, conoscitive, e promozionali circa le attivit\u00e0 del Titolare del trattamento; 2. finalit\u00e0 di ricerche\/analisi statistiche su dati aggregati o anonimi, senza dunque possibilit\u00e0 di identificare l\u2019utente, volti a misurare il funzionamento del Sito, misurare il traffico e valutare usabilit\u00e0 e interesse; 3. finalit\u00e0 relative all\u2019adempimento di un obbligo legale al quale il titolare \u00e8 soggetto; 4. finalit\u00e0 necessarie ad accertare, esercitare o difendere un diritto in sede giudiziaria o ogniqualvolta le autorit\u00e0 giurisdizionali esercitino le loro funzioni giurisdizionali. La base legale del trattamento di dati personali per le finalit\u00e0 descritte al punto 1 pu\u00f2 essereil consenso espresso dall\u2019Interessato. La finalit\u00e0 al punto 2 non comporta non comporta il trattamento di dati personali, mentre le finalit\u00e0 di cui ai punti 3) e 4) rappresentano un trattamento legittimo di dati personali ai sensi della normativa applicabile in quanto, una volta conferiti i dati personali, il trattamento \u00e8 invero necessario per adempiere ad un obbligo di legge a cui il Titolare \u00e8 soggetto o ad esercitare il suo diritto di difesa in giudizio. Il conferimento dei tuoi dati personali per la finalit\u00e0 sopra elencate \u00e8 facoltativo, ma il loro eventuale mancato conferimento potrebbe rendere impossibile riscontrare una tua richiesta o adempiere ad un obbligo legale a cui il Titolare potrebbe essere soggetto.<\/p>\n\n\n\n<h2 class=\"wp-block-heading\"><strong>5. Destinatari<\/strong><\/h2>\n\n\n\n<ol class=\"wp-block-list\"><\/ol>\n\n\n\n<p>Oltre che ai soggetti eventualmente gi\u00e0 menzionati nella descrizione delle finalit\u00e0 del trattamento, i dati personali potranno essere comunicati alle seguenti categorie di persone fisiche o giuridiche, in qualit\u00e0 di soggetti coinvolti nel trattamento, ovvero come soggetti la cui conoscenza dei dati \u00e8 richiesta per il perseguimento delle finalit\u00e0 indicate, ovvero di Autorit\u00e0 alle richieste motivate delle quali \u00e8 obbligatorio fornire risposta. Tali soggetti tratteranno i dati nella loro qualit\u00e0 di autonomi Titolari del trattamento: 1. soggetti necessari per l\u2019erogazione dei servizi offerti dal Sito tra cui a titolo esemplificativo l\u2019invio di e-mail e l\u2019analisi del funzionamento del Sito che agiscono tipicamente in qualit\u00e0 di Responsabili del trattamento del Titolare; 2. persone autorizzate dal Titolare al trattamento dei dati personali che si siano impegnate alla riservatezza o abbiano un adeguato obbligo legale di riservatezza (es. collaboratori del Titolare); 3. autorit\u00e0 giurisdizionali nell\u2019esercizio delle loro funzioni quando richiesto dalla normativa applicabile.&nbsp;<\/p>\n\n\n\n<h2 class=\"wp-block-heading\"><strong>6. Trasferimenti<\/strong><\/h2>\n\n\n\n<ol class=\"wp-block-list\"><\/ol>\n\n\n\n<p>Il trattamento e la conservazione in archivi cartacei, informatici e telematici potranno avvenire presso le sedi operative del Titolare del trattamento o in ogni altro luogo in cui le parti coinvolte nel trattamento siano localizzate. I dati trattati con l\u2019ausilio di piattaforme, spazi virtuali o applicativi sviluppati ad esempio da fornitori operanti su scala internazionale (es. Google, Microsoft, Dropbox) o di fornitori operanti comunque al di fuori della Repubblica Italiana, potranno essere conservati anche presso le sedi di questi ultimi, anche al di fuori del territorio dell\u2019Unione Europea. Laddove risultasse necessario o opportuno il trasferimento dei dati a soggetti localizzati presso un Paese terzo o a un\u2019organizzazione internazionale, tali trasferimenti saranno effettuati:&nbsp;<strong>1)&nbsp;<\/strong>Nel rispetto delle decisioni di adeguatezza;&nbsp;<strong>2)<\/strong>&nbsp;Nel rispetto delle garanzie adeguate applicabili;&nbsp;<strong>3)<\/strong>&nbsp;Nel rispetto delle norme vincolanti d\u2019impresa se presenti.<\/p>\n\n\n\n<h2 class=\"wp-block-heading\"><strong>7. Periodo di conservazione dei dati<\/strong><\/h2>\n\n\n\n<ol class=\"wp-block-list\"><\/ol>\n\n\n\n<p>I dati personali saranno conservati fino a che necessari rispetto alle legittime finalit\u00e0 per le quali sono stati raccolti, a meno che non venga espressa la volont\u00e0 di rimuoverli, e fatte in questo caso salve le necessit\u00e0 da parte del Titolare del trattamento in relazione a quei dati il cui trattamento o la cui conservazione siano previsti da obblighi di legge o interessi specifici, o i casi in cui la rimozione dei contenuti non sia possibile o comporti uno sforzo sproporzionato per il Titolare del trattamento.&nbsp;In particolare, il tempo massimo di conservazione \u00e8 individuato con i seguenti criteri:&nbsp;<strong>1)<\/strong>&nbsp;Termine del rapporto precontrattuale o contrattuale, e del periodo successivo nel quale sono possibili effetti \/ obblighi \/ adempimenti che presuppongono la corretta conservazione dei Dati. <strong>2)<\/strong>&nbsp;Termine del periodo entro il quale pu\u00f2 risultare necessario l\u2019adempimento da parte del Titolare del trattamento ad un obbligo legale;&nbsp;<strong>3)<\/strong>&nbsp;Termine del periodo entro il quale il Titolare pu\u00f2 perseguire un proprio interesse legittimo. \u00c8 fatto comunque salvo l\u2019obbligo per lo stesso Titolare del trattamento di dare informazioni all\u2019Interessato in caso di richiesta.&nbsp;<\/p>\n\n\n\n<h2 class=\"wp-block-heading\"><strong>8. I tuoi diritti<\/strong><\/h2>\n\n\n\n<ol class=\"wp-block-list\"><\/ol>\n\n\n\n<p>Per garantire il trattamento corretto e trasparente dei dati personali, il Titolare del trattamento garantisce all\u2019Interessato, previa comunicazione ai recapiti sopra indicati e secondo quanto nelle proprie possibilit\u00e0, di esercitare:<\/p>\n\n\n\n<p><strong>1)<\/strong>&nbsp;Il diritto di ottenere la conferma dell\u2019esistenza o meno di dati personali che lo riguardano, anche se non ancora registrati, e la loro comunicazione in forma intelligibile;<\/p>\n\n\n\n<p><strong>2)<\/strong>&nbsp;Il diritto dell\u2019Interessato di chiedere al Titolare del trattamento l\u2019accesso ai dati personali che lo riguardano;<\/p>\n\n\n\n<p><strong>3)<\/strong>&nbsp;Il diritto di ottenere dal Titolare del trattamento la rettifica dei dati personali inesatti che lo riguardano senza ingiustificato ritardo;<\/p>\n\n\n\n<p><strong>4)&nbsp;<\/strong>Il diritto di ottenere dal Titolare del trattamento la cancellazione dei dati personali che lo riguardano senza ingiustificato ritardo, nel caso in cui non siano pi\u00f9 necessari per le finalit\u00e0 del trattamento o se questo si assuma come illecito, sempre che ne sussistano le condizioni previste per legge e comunque salvi i casi in cui il trattamento non sia giustificato da un altro motivo ugualmente legittimo;<\/p>\n\n\n\n<p><strong>5)&nbsp;<\/strong>Il diritto di ottenere dal Titolare del trattamento, laddove ne sia contestata l\u2019esattezza, la limitazione dello stesso per il periodo necessario al Titolare del trattamento per effettuare le opportune verifiche;<\/p>\n\n\n\n<p><strong>6)<\/strong>&nbsp;Il diritto di ricevere in un formato strutturato, di uso comune e leggibile da dispositivo automatico i dati personali che lo riguardano e il diritto di trasmettere tali dati a un altro Titolare del trattamento senza impedimenti da parte del Titolare del trattamento cui li ha forniti, nei casi previsti dall\u2019art. 20 del GDPR, e il diritto di ottenere la trasmissione diretta dei dati personali da un Titolare del trattamento all\u2019altro, se tecnicamente fattibile e comportante uno sforzo non sproporzionato;<\/p>\n\n\n\n<p><strong>7)<\/strong>&nbsp;Il diritto di revocare il consenso al trattamento dei propri dati personali precedentemente espresso, [qualora il trattamento sia basato sull\u2019articolo 6, paragrafo 1, lettera a), oppure sull\u2019articolo 9, paragrafo 2, lettera a)] in qualsiasi momento senza pregiudicare la liceit\u00e0 del trattamento basata sul consenso prestato prima della revoca e salvo il caso in cui il trattamento sia lecito per altre basi o condizioni giuridiche;<\/p>\n\n\n\n<p><strong>8)<\/strong>&nbsp;Il diritto di opporsi, per motivi connessi alla sua situazione particolare, al trattamento dei dati personali che lo riguardano ai sensi dell\u2019articolo 6, paragrafo 1, lettere e) o f), compresa la profilazione sulla base di tali disposizioni. In tal caso, il Titolare del trattamento si astiene dal trattare ulteriormente i dati personali salvo che dimostri l\u2019esistenza di motivi legittimi per procedere al trattamento che prevalgano sugli interessi, sui diritti e sulle libert\u00e0 dell\u2019Interessato, oppure la necessit\u00e0 di protrarre il trattamento per consentire l\u2019accertamento, l\u2019esercizio o la difesa di un diritto in sede giudiziaria.<\/p>\n\n\n\n<p><strong>9)<\/strong>&nbsp;Il diritto di proporre reclamo ad un\u2019Autorit\u00e0 di controllo, i cui dati di contatto sono rinvenibili per l\u2019Italia al sito web&nbsp;<a href=\"http:\/\/www.garanteprivacy.it\/\">www.garanteprivacy.it<\/a><\/p>\n\n\n\n<p>Le richieste vanno rivolte via e-mail all\u2019indirizzo: <strong><a href=\"mailto:info@eosconsulting.com\">info@eosconsulting.com<\/a><\/strong><\/p>\n\n\n\n<h2 class=\"wp-block-heading\"><strong>9. Modifiche<\/strong><\/h2>\n\n\n\n<ol class=\"wp-block-list\"><\/ol>\n\n\n\n<p>La presente informativa \u00e8 redatta in aderenza alle indicazioni di cui al GDPR. Una versione tempo per tempo aggiornata \u00e8 resa disponibile presso il sito web del Titolare del trattamento.<\/p>\n\n\n\n<p><\/p>\n","protected":false},"excerpt":{"rendered":"<p>EOS Consulting S.p.A. (qui di seguito solo \u201cTitolare\u201d), in qualit\u00e0 di titolare del trattamento dei dati personali ai sensi della normativa italiana applicabile pro tempore in materia di protezione dei dati personali e del Regolamento UE 679\/2016\u2013 Regolamento Generale sulla Protezione dei Dati (\u201cRGPD\u201d) tutela la riservatezza dei Dati personali e garantisce le misure tecniche [&hellip;]<\/p>\n","protected":false},"author":1,"featured_media":0,"parent":0,"menu_order":0,"comment_status":"closed","ping_status":"closed","template":"","meta":{"_acf_changed":false,"footnotes":""},"class_list":["post-3","page","type-page","status-publish","hentry"],"acf":[],"yoast_head":"<!-- This site is optimized with the Yoast SEO plugin v26.0 - https:\/\/yoast.com\/wordpress\/plugins\/seo\/ -->\n<title>Privacy Policy - EOS Consulting S.p.A.<\/title>\n<meta name=\"robots\" content=\"index, follow, max-snippet:-1, max-image-preview:large, max-video-preview:-1\" \/>\n<link rel=\"canonical\" href=\"https:\/\/eosconsulting.com\/privacy-policy\/\" \/>\n<meta property=\"og:locale\" content=\"en_US\" \/>\n<meta property=\"og:type\" content=\"article\" \/>\n<meta property=\"og:title\" content=\"Privacy Policy - EOS Consulting S.p.A.\" \/>\n<meta property=\"og:description\" content=\"EOS Consulting S.p.A. (qui di seguito solo \u201cTitolare\u201d), in qualit\u00e0 di titolare del trattamento dei dati personali ai sensi della normativa italiana applicabile pro tempore in materia di protezione dei dati personali e del Regolamento UE 679\/2016\u2013 Regolamento Generale sulla Protezione dei Dati (\u201cRGPD\u201d) tutela la riservatezza dei Dati personali e garantisce le misure tecniche [&hellip;]\" \/>\n<meta property=\"og:url\" content=\"https:\/\/eosconsulting.com\/privacy-policy\/\" \/>\n<meta property=\"og:site_name\" content=\"EOS Consulting S.p.A.\" \/>\n<meta property=\"article:modified_time\" content=\"2024-10-22T07:19:25+00:00\" \/>\n<meta name=\"twitter:card\" content=\"summary_large_image\" \/>\n<meta name=\"twitter:label1\" content=\"Est. reading time\" \/>\n\t<meta name=\"twitter:data1\" content=\"9 minutes\" \/>\n<script type=\"application\/ld+json\" class=\"yoast-schema-graph\">{\"@context\":\"https:\/\/schema.org\",\"@graph\":[{\"@type\":\"WebPage\",\"@id\":\"https:\/\/eosconsulting.com\/privacy-policy\/\",\"url\":\"https:\/\/eosconsulting.com\/privacy-policy\/\",\"name\":\"Privacy Policy - EOS Consulting S.p.A.\",\"isPartOf\":{\"@id\":\"https:\/\/eosconsulting.com\/#website\"},\"datePublished\":\"2024-07-09T15:54:24+00:00\",\"dateModified\":\"2024-10-22T07:19:25+00:00\",\"breadcrumb\":{\"@id\":\"https:\/\/eosconsulting.com\/privacy-policy\/#breadcrumb\"},\"inLanguage\":\"en-US\",\"potentialAction\":[{\"@type\":\"ReadAction\",\"target\":[\"https:\/\/eosconsulting.com\/privacy-policy\/\"]}]},{\"@type\":\"BreadcrumbList\",\"@id\":\"https:\/\/eosconsulting.com\/privacy-policy\/#breadcrumb\",\"itemListElement\":[{\"@type\":\"ListItem\",\"position\":1,\"name\":\"Home\",\"item\":\"https:\/\/eosconsulting.com\/en\/\"},{\"@type\":\"ListItem\",\"position\":2,\"name\":\"Privacy Policy\"}]},{\"@type\":\"WebSite\",\"@id\":\"https:\/\/eosconsulting.com\/#website\",\"url\":\"https:\/\/eosconsulting.com\/\",\"name\":\"eosconsulting\",\"description\":\"Advisory firm | Energy \u00b7 Real Estate &amp; Infrastructures\",\"publisher\":{\"@id\":\"https:\/\/eosconsulting.com\/#organization\"},\"potentialAction\":[{\"@type\":\"SearchAction\",\"target\":{\"@type\":\"EntryPoint\",\"urlTemplate\":\"https:\/\/eosconsulting.com\/?s={search_term_string}\"},\"query-input\":{\"@type\":\"PropertyValueSpecification\",\"valueRequired\":true,\"valueName\":\"search_term_string\"}}],\"inLanguage\":\"en-US\"},{\"@type\":\"Organization\",\"@id\":\"https:\/\/eosconsulting.com\/#organization\",\"name\":\"eosconsulting\",\"url\":\"https:\/\/eosconsulting.com\/\",\"logo\":{\"@type\":\"ImageObject\",\"inLanguage\":\"en-US\",\"@id\":\"https:\/\/eosconsulting.com\/#\/schema\/logo\/image\/\",\"url\":\"https:\/\/eosconsulting.com\/wp-content\/uploads\/2024\/11\/cropped-EOS_Logo512.png\",\"contentUrl\":\"https:\/\/eosconsulting.com\/wp-content\/uploads\/2024\/11\/cropped-EOS_Logo512.png\",\"width\":512,\"height\":512,\"caption\":\"eosconsulting\"},\"image\":{\"@id\":\"https:\/\/eosconsulting.com\/#\/schema\/logo\/image\/\"}}]}<\/script>\n<!-- \/ Yoast SEO plugin. -->","yoast_head_json":{"title":"Privacy Policy - EOS Consulting S.p.A.","robots":{"index":"index","follow":"follow","max-snippet":"max-snippet:-1","max-image-preview":"max-image-preview:large","max-video-preview":"max-video-preview:-1"},"canonical":"https:\/\/eosconsulting.com\/privacy-policy\/","og_locale":"en_US","og_type":"article","og_title":"Privacy Policy - EOS Consulting S.p.A.","og_description":"EOS Consulting S.p.A. (qui di seguito solo \u201cTitolare\u201d), in qualit\u00e0 di titolare del trattamento dei dati personali ai sensi della normativa italiana applicabile pro tempore in materia di protezione dei dati personali e del Regolamento UE 679\/2016\u2013 Regolamento Generale sulla Protezione dei Dati (\u201cRGPD\u201d) tutela la riservatezza dei Dati personali e garantisce le misure tecniche [&hellip;]","og_url":"https:\/\/eosconsulting.com\/privacy-policy\/","og_site_name":"EOS Consulting S.p.A.","article_modified_time":"2024-10-22T07:19:25+00:00","twitter_card":"summary_large_image","twitter_misc":{"Est. reading time":"9 minutes"},"schema":{"@context":"https:\/\/schema.org","@graph":[{"@type":"WebPage","@id":"https:\/\/eosconsulting.com\/privacy-policy\/","url":"https:\/\/eosconsulting.com\/privacy-policy\/","name":"Privacy Policy - EOS Consulting S.p.A.","isPartOf":{"@id":"https:\/\/eosconsulting.com\/#website"},"datePublished":"2024-07-09T15:54:24+00:00","dateModified":"2024-10-22T07:19:25+00:00","breadcrumb":{"@id":"https:\/\/eosconsulting.com\/privacy-policy\/#breadcrumb"},"inLanguage":"en-US","potentialAction":[{"@type":"ReadAction","target":["https:\/\/eosconsulting.com\/privacy-policy\/"]}]},{"@type":"BreadcrumbList","@id":"https:\/\/eosconsulting.com\/privacy-policy\/#breadcrumb","itemListElement":[{"@type":"ListItem","position":1,"name":"Home","item":"https:\/\/eosconsulting.com\/en\/"},{"@type":"ListItem","position":2,"name":"Privacy Policy"}]},{"@type":"WebSite","@id":"https:\/\/eosconsulting.com\/#website","url":"https:\/\/eosconsulting.com\/","name":"eosconsulting","description":"Advisory firm | Energy \u00b7 Real Estate &amp; Infrastructures","publisher":{"@id":"https:\/\/eosconsulting.com\/#organization"},"potentialAction":[{"@type":"SearchAction","target":{"@type":"EntryPoint","urlTemplate":"https:\/\/eosconsulting.com\/?s={search_term_string}"},"query-input":{"@type":"PropertyValueSpecification","valueRequired":true,"valueName":"search_term_string"}}],"inLanguage":"en-US"},{"@type":"Organization","@id":"https:\/\/eosconsulting.com\/#organization","name":"eosconsulting","url":"https:\/\/eosconsulting.com\/","logo":{"@type":"ImageObject","inLanguage":"en-US","@id":"https:\/\/eosconsulting.com\/#\/schema\/logo\/image\/","url":"https:\/\/eosconsulting.com\/wp-content\/uploads\/2024\/11\/cropped-EOS_Logo512.png","contentUrl":"https:\/\/eosconsulting.com\/wp-content\/uploads\/2024\/11\/cropped-EOS_Logo512.png","width":512,"height":512,"caption":"eosconsulting"},"image":{"@id":"https:\/\/eosconsulting.com\/#\/schema\/logo\/image\/"}}]}},"_links":{"self":[{"href":"https:\/\/eosconsulting.com\/en\/wp-json\/wp\/v2\/pages\/3","targetHints":{"allow":["GET"]}}],"collection":[{"href":"https:\/\/eosconsulting.com\/en\/wp-json\/wp\/v2\/pages"}],"about":[{"href":"https:\/\/eosconsulting.com\/en\/wp-json\/wp\/v2\/types\/page"}],"author":[{"embeddable":true,"href":"https:\/\/eosconsulting.com\/en\/wp-json\/wp\/v2\/users\/1"}],"replies":[{"embeddable":true,"href":"https:\/\/eosconsulting.com\/en\/wp-json\/wp\/v2\/comments?post=3"}],"version-history":[{"count":5,"href":"https:\/\/eosconsulting.com\/en\/wp-json\/wp\/v2\/pages\/3\/revisions"}],"predecessor-version":[{"id":989,"href":"https:\/\/eosconsulting.com\/en\/wp-json\/wp\/v2\/pages\/3\/revisions\/989"}],"wp:attachment":[{"href":"https:\/\/eosconsulting.com\/en\/wp-json\/wp\/v2\/media?parent=3"}],"curies":[{"name":"wp","href":"https:\/\/api.w.org\/{rel}","templated":true}]}}